{"id":3598,"date":"2023-03-15T07:06:52","date_gmt":"2023-03-15T07:06:52","guid":{"rendered":"https:\/\/flicinski.net\/?page_id=3598"},"modified":"2023-03-15T07:09:04","modified_gmt":"2023-03-15T07:09:04","slug":"bio","status":"publish","type":"page","link":"https:\/\/flicinski.net\/index.php\/pl\/bio\/","title":{"rendered":"Bio"},"content":{"rendered":"\n<h4 class=\"wp-block-heading\">JAROS\u0141AW FLICI\u0143SKI<\/h4>\n\n\n\n<p><strong>selected solo exhibitions:<\/strong><\/p>\n\n\n\n<p><strong>2022<\/strong> <em>Nothing is Still<\/em>, Galeria Monopol, Warszawa<br><strong>2019<\/strong> <em>Pure Pleasure<\/em>, Galeria Wsch\u00f3d, Warszawa<br><strong>2017<\/strong> <em>North Isn&#8217;t South<\/em>, feat. William Fussell, The Academy of Fine Arts, Gdansk (PL)<br><strong>2016<\/strong> <em>Casa Cosmos,Homemade Paintings<\/em>, Galeria Bielska BWA, Bielsko-Biala (PL)<br><strong>2015<\/strong> <em>Casa Cosmos,Homemade Paintings, 2010-2015<\/em>, Galeria Miejska BWA, Tarnow (PL)<br><em>Homemade Paintings, 2010-2015<\/em>,&nbsp;Galeria Fernando Santos, Porto (P)<br><strong>2014<\/strong> <em>Estrela Negra\/Black Star<\/em>,&nbsp;Centro Internacional das Artes Jose de Guimaraes (CIAJG), Guimaraes (P)<br><strong>2011<\/strong> <em>Nobody Knows That For Sure<\/em>, BWA Warszawa, Warszawa (PL)<br><strong>2009<\/strong> <em>Close Enough<\/em>, Gallery LeGuern, Warszawa (PL)<br><strong>2008<\/strong> <em>No Matter Where It Happens<\/em>, ZAK BRANICKA, Berlin (D)<br><strong>2007<\/strong> <em>Doppio Anelito<\/em>, PIAC galleria, Ragusa (I)<br><em>Playground<\/em>, CCNOA, Brussels (B)<br><strong>2006<\/strong> <em>Paintings<\/em>, Galerie de Expeditie, Amsterdam (NL)<br><em>Chapelle<\/em>, Ecole d&#8217;Arts Plastiques, Chatellerault (F)<br><strong>2004<\/strong> <em>The Rest Is Up To You<\/em>, Villa Arson, Nice (F)<br><em>The End of Summer<\/em>, Gallery LeGuern, Warszawa (PL)<br><strong>2003<\/strong> <em>Everything Is All Right<\/em>, CCA Ujazdowski Castle, Warszawa (PL)<br><em>Paintings<\/em>, Galerie Brigitte Weiss, Zurich (CH)<br><strong>2002<\/strong> <em>Place Your Bets<\/em>, Chinati Foundation, Marfa (USA)<br><em>Paintings<\/em>, Studio LoDo, Phoenix (USA)<br><em>To Let You Shine<\/em>, Galerie de Expeditie, Amsterdam (NL)<br><strong>2001<\/strong> <em>You Look Great! I Feel Great!<\/em>, Sfinks Club, Sopot (PL)<br><strong>2000<\/strong> <em>Far Away<\/em>, Badischer Kunstverein, Karlsruhe (D)<br><em>Far Away<\/em>, Foksal Gallery, Warszawa (PL)<br><strong>1999<\/strong> <em>Go On<\/em>, Wschodnia Gallery, \u0141\u00f3d\u017a (PL)<br><strong>1998<\/strong> <em>Too Much Is Not Enough<\/em>, State Gallery of Art, Sopot (PL)<br><strong>1994<\/strong> <em>Jumps Into The Water &#8211; Year 1994 &#8211; Whoever Exalts Himself Shall Be Humbled,&nbsp;and He Who Humbles Himself Shall Be Doomed<\/em><br>Baltic Sea Culture Center, Gdansk (PL)<\/p>\n\n\n\n<p><strong>selected group exhibitions:<\/strong><\/p>\n\n\n\n<p><strong>2019<\/strong> <em>The Beginning and The End<\/em>, Gda\u0144ska Galeria Miejska, Gda\u0144sk<br><strong>2017<\/strong> <em>Przygody z op-artem<\/em>, Fundacja Stefana Gierowskiego, Warszawa<br><strong>2017<\/strong> <em>Co z t\u0105 abstrakcj\u0105<\/em>, Fundacja Stefana Gierowskiego, Warszawa<br><strong>2016<\/strong> <em>Quai<\/em>, Galleria Giovanni Bonelli, Milano (I)<br><strong>2015<\/strong> <em>Earth<\/em>, Wroclaw Contemporary Museum, Wroclaw (PL)<br><em>Mere Formality<\/em>, Galeria Labirynt, Lublin (PL)<br><em>Nobody will Take Away Our Youth !, Music and Art of the 80\u201da that Create the Alternative Face of the Tricity<\/em><br>Opener Festival, Gdynia, Museum of the Contemporary Art, Warszawa (PL)<br><em>Order out of Chaos<\/em>, Galeria LeGuern, Warszawa (PL)<br><em>Isle 3.0. The Map and the Territory<\/em>, Wyspa, Institute of Art, Gda\u0144sk (PL)<br><strong>2013<\/strong> <em>Open Composition, Neoplastic Room<\/em>, Muzeum Sztuki, \u0141\u00f3d\u017a (PL)<br><strong>2013<\/strong> <em>Lonelyfingers,&nbsp;<\/em><em>Conversation Pieces,&nbsp;&nbsp;<\/em>Museum Abteiberg, Monchengladbach (D)<br><strong>2012<\/strong> <em>The Splendor of Textiles<\/em>, Zach\u0119ta National Gallery of Art,&nbsp;Warszawa (PL)<br><strong>2011<\/strong> <em>New Order<\/em>, Art Stations Foundation, Poznan (PL)<br><strong>2011<\/strong> <em>Plundering the Ruins of Reality<\/em>, BWA Warszawa, Warszawa (PL)<br><strong>2011<\/strong> <em>Eu Podia Fazer Isto<\/em>, IPA, Espa\u00e7o Atmosferas, Lisboa (P)<br><strong>2009<\/strong> <em>Good Night, Sleep Tight<\/em>, Upload Art Project, Trento (I)<br><strong>2009<\/strong> <em>Anabasis &#8211; Rituals of Homecoming<\/em>, Ludwik Grohman&#8217;s Villa,&nbsp;\u0141\u00f3d\u017a (PL)<br><strong>2009<\/strong> <em>Lost in Colours &#8211;<\/em><em>dialog 1,&nbsp;<\/em> Gda\u0144ska Galeria Miejska, Gdansk (PL)<br><strong>2008&nbsp;<\/strong><em>Aktywne Studio<\/em>, Galeria Studio, Warszawa (PL)<br><strong>2007<\/strong> <em>Artist In The Wonderland<\/em>, PNK, Gdynia (PL)<br><em>Real Life<\/em>, Wola, Warszawa (PL)<br><em>Don&#8217;t Stop At The Red Light <\/em>, Jesionowa Galeria, Gdansk (PL)<br><em>From Poland?<\/em>, Kasia Kay Art Project Gallery, Chicago (USA)<br><em>Manipulations. On Economies of Deceit<\/em>, CCA Ujazdowski Castle, Warszawa (PL)<br><em>My Eyes Keep Me In Trouble<\/em>, Nieuwe Vide, Haarlem (NL)<br><em>XVI. Rohkunstbau,&nbsp;<\/em><em>Drei Farben &#8211; Weiss<\/em>, Schloss Sacrow, Sacrow-Potsdam (D)<br><strong>2006<\/strong> <em>Polish Paintings of The XXI Century<\/em>, Zacheta National Gallery of Art, Warszawa (PL)<br><em>Avant-gardes polonaises, dialogues depuis Malevitch<\/em>, Mus\u00e9e Matisse, Le Cateau (F)<br><em>The Title As A Curator&#8217;s Art Piece<\/em>, Blow de la Barra, London (UK)<br><em>The Ideal City &#8211; Invisible Cities<\/em>, Zamosc (PL), Potsdam (D)<br><em>Accrochage<\/em>, de Expeditie, Amsterdam (NL)<br><em>Poland, That&#8217;s Where?<\/em>, CCA Ujazdowski Castle, Warszawa (PL)<br><strong>2005<\/strong> <em>A Guest + A Host = A Ghost<\/em>, Hedge House, Wijlre (NL)<br><em>Absolwent<\/em>, Wyspa Institute of Art, Gdansk (PL)<br><strong>2004<\/strong> <em>Tirol Transfer<\/em>, Austrian Cultural Forum, Warszawa (PL)<br><em>Re:Location 6 \/ Re(framed)locations, dis(covered)desires<\/em>, CCA Laznia, Gdansk (PL)<br><em>Avant-gardes polonaises hier et aujourd&#8217;hui<\/em>, Espace de l&#8217;Art Concret,&nbsp;Mouans-Sartoux (F)<br><em>Flipside<\/em>, Artists Space, New York (USA)<br><strong>2002<\/strong> <em>The Forbidden City<\/em>, Kokerei Hansa, Dortmund (D)<br><strong>2001<\/strong> <em>Hoehere wesen Befahlen: Anders Malen!<\/em>, Smart Project Space, Amsterdam (NL)<br><em>In Between &#8211; Art From Poland 1945-2000<\/em>, Chicago Cultural Centre, Chicago (USA)<br><em>Programm Giotto<\/em>, Palazzo Spinola, Genova (I)<br><strong>2000<\/strong> <em>Scene 2000<\/em>, CCA Ujazdowski Castle, Warszawa (PL)<br><em>The 11th Vilnius Paintings Triennial <\/em>, CCA Vilnius (LT)<br><em>Between Aesthetics and Metaphysics<\/em>, BWA Bielsko-Biala (PL)<br><strong>1999<\/strong> <em>What You See Is What You Get<\/em>, Medium Gallery, Bratislava (SK)<br><em>The Creeping Revolution<\/em>, Foksal Gallery, Warszawa (PL)<\/p>\n\n\n\n<hr class=\"wp-block-separator has-alpha-channel-opacity\"\/>\n\n\n\n<h3 class=\"wp-block-heading\">Bibliography<\/h3>\n\n\n\n<p><strong>monographies and solo exhibition catalogues<\/strong><\/p>\n\n\n\n<p><em>Jaroslaw Flicinski<\/em><br><em>Casa Cosmos, Homemade Paintings 2010-2015<\/em><br>BWA Tarn\u00f3w, Tarn\u00f3w<br>texts: Nuno Faria, Jaros\u0142aw Flici\u0144ski, Ewa \u0141\u0105czy\u0144ska-Widz, Eglantina Monteiro, Sylwia Serafinowicz<br>251 pages, eng\/pl<\/p>\n\n\n\n<p><em>Jaroslaw Flicinski<\/em><br><em>Estrela Negra-Paredes,pinturas,desenhos e objectos \/<br>Black Star-Walls, Paintings, Drawings and Objects<\/em><br>Centro International das Artes Jose de Guimaraes, Guimaraes 2014<br>text: Nuno Faria, Sebastian Cichocki<br>152 pages, pt\/eng<\/p>\n\n\n\n<p><em>Jaroslaw Flicinski<\/em><br>Galerie Zak-Branicka, Berlin 2008<br>text: Monika Branicka<br>12 pages, eng<br><a href=\"http:\/\/www.zak-branicka.com\" target=\"_blank\" rel=\"noreferrer noopener\">www.zak-branicka.com<\/a><\/p>\n\n\n\n<p><em>Jaroslaw Flicinski &#8211; The End of Summer<\/em><br>Le Guern Gallery, Warsaw 2004<br>ed. by Bozena Czubak<br>text: Mark Gisbourne<br>48 pages, eng\/pl<br><a href=\"http:\/\/www.leguern.pl\" target=\"_blank\" rel=\"noreferrer noopener\">www.leguern.pl<\/a><\/p>\n\n\n\n<p><em>Jaroslaw Flicinski &#8211; Everything Is All Right<\/em><br>The Center for Contemporary Art, Ujazdowski Castle, Warsaw 2004<br>ed. by Stach Szablowski<br>text: Stach Szablowski, Angelika Stepken, interview with Jaroslaw Flicinski: Mark Kremer<br>72 pages, eng\/pl<br><a href=\"http:\/\/www.csw.art.pl\" target=\"_blank\" rel=\"noreferrer noopener\">www.csw.art.pl<\/a><\/p>\n\n\n\n<p><em>Jaroslaw Flicinski &#8211; Far Away<\/em><br>Badischer Kunstverein, Karlsruhe 2000<br>ed. by Angelika Stepken;<br>text: Mark Kremer, Angelika Stepken, Adam Szymczyk<br>80 pages, de\/eng\/pl<br><a href=\"http:\/\/www.badischer-kunstverein.de\" target=\"_blank\" rel=\"noreferrer noopener\">www.badischer-kunstverein.de<\/a><\/p>\n\n\n\n<p><em>Jaroslaw Flicinski &#8211; Skoki do wody 1992-1994<\/em><br>Gdansk 1995<br>text: Jaroslaw Flicinski<br>12 pages, de\/eng\/pl<\/p>\n\n\n\n<p><strong>selected publications and group exhibition catalogues<\/strong><\/p>\n\n\n\n<p><em>Pankiewicz i po&#8230; Uwalnianie Koloru<\/em><\/p>\n\n\n\n<p>Muzeum Lubelskie, 2016<\/p>\n\n\n\n<p>ed. and texts by Anna Ha\u0142ata, Marcin Lachowski, Dorota Seweryn-Puchalska<\/p>\n\n\n\n<p>159 pages, pl<\/p>\n\n\n\n<p><em>Masterpieces of Polish Painting<\/em><\/p>\n\n\n\n<p>author: Maria Poprz\u0119cka<\/p>\n\n\n\n<p>Wydawnictwo Arkady, 2015<\/p>\n\n\n\n<p>308 pages pl\/eng<\/p>\n\n\n\n<p><em>Nowe zjawiska w sztuce polskiej po 2000<\/em><br>The Center for Contemporary Art, Ujazdowski Castle, Warszawa, 2007<br>ed. by G. Borkowski, M.Branicka, A.Mazur<br>text: Zofia Machnicka<br>405 pages, pl<br><a href=\"http:\/\/www.csw.art.pl\" target=\"_blank\" rel=\"noreferrer noopener\">www.csw.art.pl<\/a><\/p>\n\n\n\n<p><em>Artist In Wonderland<\/em><br>Baltic Sea Culture Center, Gdansk 2007<br>ed. by Agata Rogos<br>text: Aleksandra Boskovic, Olga Kubinska, Jaros\u0142aw Trybus, Agata Rogos<br>255 pages, pl\/eng<br><a href=\"http:\/\/www.wonderland.art.pl\" target=\"_blank\" rel=\"noreferrer noopener\">www.wonderland.art.pl<\/a><\/p>\n\n\n\n<p><em>XIV Rohkunstbau, Three Colours &#8211; White<\/em><br>Rohkunstbau Projekte, Berlin, 2007<br>ed. by Arvid Boellert<br>text: Mark Gisbourne<br>127 pages, de\/eng<br><a href=\"http:\/\/www.rohkunstbau.de\" target=\"_blank\" rel=\"noreferrer noopener\">www.rohkunstbau.de<\/a><\/p>\n\n\n\n<p><em>Avant-gardes polonaises, dialogue historique depuis Malevitch<\/em><br>Musee Matisse, Le Cateau &#8211; Cambresis, published by: Snoeck, Gand 2006<br>text: Dominique Szymusiak, Serge Fauchereau, Zofia Machnicka<br>102 pages, fr<\/p>\n\n\n\n<p><em>Ideal City &#8211; Invisible Cities<\/em><br>European Art Projects, Berlin 2006<br>ed. by Sabrina van der Ley, Markus Richter<br>318 pages, eng\/de<br><a href=\"http:\/\/www.european-art-projects.de\" target=\"_blank\" rel=\"noreferrer noopener\">www.european-art-projects.de<\/a><\/p>\n\n\n\n<p><em>W Polsce czyli gdzie ?\/ In Poland, That Is Where ?<\/em><br>CCA Ujazdowski Castle, Warsaw 2006<br>text: Andrzej Turowski, Ewa Mikina, Bozena Czubak<br>180 pages, eng\/pol<br><a href=\"http:\/\/www.csw.art.pl\" target=\"_blank\" rel=\"noreferrer noopener\">www.csw.art.pl<\/a><\/p>\n\n\n\n<p><em>Sztuka w Polsce 1945-2005\/ Art in Poland 1945-2005<\/em><br>author: Anda Rottenberg,<br>published by: Sentor, Warsaw 2005<br>450 pages, pl<\/p>\n\n\n\n<p><em>A Guest + A Host = A Ghost<\/em><br>The Hedge House, Wijlre 2005<br>text: Mark Kremer<br>32 pages, eng<\/p>\n\n\n\n<p><em>Flipside<\/em><br>CEC ArtsLink, New York 2005<br>text: Fritzie Brown, Kathrine Carl<br><em>Avant-gardes polonaises hier et aujourd&#8217;hui<\/em><\/p>\n\n\n\n<p>Espace de l&#8217;Art Concret, donation Albers-Honegger, Mouans-Sartoux, 2004<br>text: Dominique Boudou, Pawel Sosnowski, Mark Kremer<br><em>Re: location 1-7 Shake<\/em><\/p>\n\n\n\n<p>Casino Luxembourg &#8211; Forum d&#8217;art contemporain, Luxembourg; Centrul International pentru Art\u00e1 Contemporan\u00e1 &amp; Muzeul National de Art\u00e1 Contemporan\u00e1, Bucharest &amp; Fundatia ArtStudio, Cluj; Laznia Bathhouse Centre of Contemporary Art, Gdansk; Gal\u00e9ria J\u00e1na Koniarka, Trnava; Halle f\u00fcr Kunst, L\u00fcneburg; migros museum f\u00fcr gegenwartskunst, Zurich; O. K. Centrum f\u00fcr Gegenwartskunst, Linz; Villa Arson-Centre National d&#8217;Art Contemporain, Nice, 2004<br>ed. by Adam Budak<\/p>\n\n\n\n<p><em>Re: location 6: Ukryte pragnienia \/ Re(framed)locations, dis(covered)desires<\/em><br>Laznia, Bathhouse Centre of Contemporary Art, Gdansk 2004;<br>ed. by Adam Budak<br>text: Adam Budak<\/p>\n\n\n\n<p><em>Die Verbotene Stadt. Objekte. Installationen. Projektionen<\/em><br>Kokerei Hansa, Dortmund 2002;<br>ed. by Ingrid Raschke-Stuwe<br>text: Claudia Heinrich<\/p>\n\n\n\n<p><em>H\u00f6here Wesen Befahlen: Anders Malen!<\/em><br>Smart Project Space Foundation, Amsterdam 2001;<br>ed. by Thomas Peutz and Alice Smits<br>text: Mark Kremer<\/p>\n\n\n\n<p><em>Tapybi\u0161ka, 11-oji Vilniaus tapybos trienal\u00e9 Painterly \/<br>The 11th Vilnius Painting Triennial<\/em><br>Contemporary Art Centre of Vilnius, Vilnius 2000;<br>ed. by Anders Kreuger<br>text: Anders Kreuger, Erika Grigoravi\u010dien?<\/p>\n\n\n\n<p><em>Between Aesthetics and Metaphysics<\/em><br>Galeria Bielska BWA, Bielsko-Biala 2000<br>ed. by Bozena Czubak<br>text: Bozena Czubak; interview with Jaroslaw Flicinski by Adam Szymczyk<\/p>\n\n\n\n<p><em>What You See Is What You Get. Projected: Poland<\/em><br>Gal\u00e9ria Medium, Vysok\u00e1 \u015akola V\u00fdtvarn\u00fdch Umeni, Bratislava,<br>Slovensko\/ Gallery Medium, Academy of Fine Arts and Design,<br>Bratislava, Slovakia; Soros Center for Contemporary Arts &#8211; Slovakia, 1999;<br>ed. by Joanna Mytkowska, Jana Oravcov\u00e1<br>text: Joanna Mytkowska<\/p>\n\n\n\n<p><em>Public Relations. Art from Gdansk<\/em><br>Laznia, Bathhouse Centre of Contemporary Art, Gdansk 1999<br>ed. by Aneta Szylak<br>text: Aneta Szylak<\/p>\n\n\n\n<p><em>At the Time of Writing<\/em><br>The Center for Contemporary Art Ujazdowski Castle,Warsaw, 1998<br>ed. by Nigel Warwick<br>text: Nigel Warwick, Angelika Stepken<\/p>\n","protected":false},"excerpt":{"rendered":"<p>JAROS\u0141AW FLICI\u0143SKI selected solo exhibitions: 2022 Nothing is Still, Galeria Monopol, Warszawa2019 Pure Pleasure, Galeria Wsch\u00f3d, Warszawa2017 North Isn&#8217;t South, feat. William Fussell, The Academy of Fine Arts, Gdansk (PL)2016 Casa Cosmos,Homemade Paintings, Galeria Bielska BWA, Bielsko-Biala (PL)2015 Casa Cosmos,Homemade Paintings, 2010-2015, Galeria Miejska BWA, Tarnow (PL)Homemade Paintings, 2010-2015,&nbsp;Galeria Fernando Santos, Porto (P)2014 Estrela Negra\/Black [&hellip;]<\/p>\n","protected":false},"author":2,"featured_media":0,"parent":0,"menu_order":22,"comment_status":"closed","ping_status":"closed","template":"","meta":{"_acf_changed":false,"footnotes":""},"class_list":["post-3598","page","type-page","status-publish","hentry"],"acf":[],"_links":{"self":[{"href":"https:\/\/flicinski.net\/index.php\/wp-json\/wp\/v2\/pages\/3598","targetHints":{"allow":["GET"]}}],"collection":[{"href":"https:\/\/flicinski.net\/index.php\/wp-json\/wp\/v2\/pages"}],"about":[{"href":"https:\/\/flicinski.net\/index.php\/wp-json\/wp\/v2\/types\/page"}],"author":[{"embeddable":true,"href":"https:\/\/flicinski.net\/index.php\/wp-json\/wp\/v2\/users\/2"}],"replies":[{"embeddable":true,"href":"https:\/\/flicinski.net\/index.php\/wp-json\/wp\/v2\/comments?post=3598"}],"version-history":[{"count":2,"href":"https:\/\/flicinski.net\/index.php\/wp-json\/wp\/v2\/pages\/3598\/revisions"}],"predecessor-version":[{"id":3603,"href":"https:\/\/flicinski.net\/index.php\/wp-json\/wp\/v2\/pages\/3598\/revisions\/3603"}],"wp:attachment":[{"href":"https:\/\/flicinski.net\/index.php\/wp-json\/wp\/v2\/media?parent=3598"}],"curies":[{"name":"wp","href":"https:\/\/api.w.org\/{rel}","templated":true}]}}