{"id":2462,"date":"2022-08-12T15:17:34","date_gmt":"2022-08-12T15:17:34","guid":{"rendered":"https:\/\/flicinski.net\/?page_id=2462"},"modified":"2023-03-31T13:40:48","modified_gmt":"2023-03-31T13:40:48","slug":"strona-glowna","status":"publish","type":"page","link":"https:\/\/flicinski.net\/index.php\/pl\/","title":{"rendered":"Strona g\u0142\u00f3wna"},"content":{"rendered":"\n<p class=\"has-text-align-center\">Malarz, autor realizacji przestrzennych, prac site-specific, instalacji, obiekt\u00f3w, film\u00f3w. Urodzi\u0142 si\u0119 w 1963 roku w Gda\u0144sku. Do jego najbardziej znanych cykl\u00f3w prac nale\u017c\u0105 \u201eSkoki do wody\u201d, \u201eFlowers &amp; Stars\u201d, \u201eFaites vos jeux\u201d oraz \u201eHomemade Paintings\u201d. Od 2000 roku obrazy zacz\u0119\u0142y schodzi\u0107 z p\u0142\u00f3tna na \u015bciany, daj\u0105c pocz\u0105tek wielkoformatowym muralom i realizacjom site-specific artysty. W tw\u00f3rczo\u015bci Flici\u0144skiego mo\u017cemy wyodr\u0119bni\u0107 kilka powracaj\u0105cych w\u0105tk\u00f3w, s\u0105 nimi: relacja cz\u0142owieka z natur\u0105, percepcja czasu i otoczenia, dzieje ludzko\u015bci oraz historia sztuki, skupiona na okresach pierwszej awangardy oraz modernizmu. W swojej praktyce artysta \u0142\u0105czy analityczn\u0105 precyzj\u0119 geometrycznej abstrakcji z afektywnym nacechowaniem, dotykaj\u0105c cz\u0119sto pozornie b\u0142ahych i niezauwa\u017calnych element\u00f3w otaczaj\u0105cej nas rzeczywisto\u015bci. Poprzez zabiegi powt\u00f3rze\u0144, budowania kompozycji za pomoc\u0105 osi oraz linii odwo\u0142uje si\u0119 do fenomen\u00f3w zaczerpni\u0119tych z natury i pejza\u017cu. Tworzone w ten spos\u00f3b obrazy oraz realizacje pozostaj\u0105 w nieod\u0142\u0105cznej relacji z miejscem ich powstawania. Obecnie mieszka i tworzy w Warszawie i Zawadzie k. Na\u0142\u0119czowa.<\/p>\n","protected":false},"excerpt":{"rendered":"<p>Malarz, autor realizacji przestrzennych, prac site-specific, instalacji, obiekt\u00f3w, film\u00f3w. Urodzi\u0142 si\u0119 w 1963 roku w Gda\u0144sku. Do jego najbardziej znanych cykl\u00f3w prac nale\u017c\u0105 \u201eSkoki do wody\u201d, \u201eFlowers &amp; Stars\u201d, \u201eFaites vos jeux\u201d oraz \u201eHomemade Paintings\u201d. Od 2000 roku obrazy zacz\u0119\u0142y schodzi\u0107 z p\u0142\u00f3tna na \u015bciany, daj\u0105c pocz\u0105tek wielkoformatowym muralom i realizacjom site-specific artysty. W tw\u00f3rczo\u015bci [&hellip;]<\/p>\n","protected":false},"author":2,"featured_media":0,"parent":0,"menu_order":5,"comment_status":"closed","ping_status":"closed","template":"fHome.php","meta":{"_acf_changed":false,"footnotes":""},"class_list":["post-2462","page","type-page","status-publish","hentry"],"acf":[],"_links":{"self":[{"href":"https:\/\/flicinski.net\/index.php\/wp-json\/wp\/v2\/pages\/2462","targetHints":{"allow":["GET"]}}],"collection":[{"href":"https:\/\/flicinski.net\/index.php\/wp-json\/wp\/v2\/pages"}],"about":[{"href":"https:\/\/flicinski.net\/index.php\/wp-json\/wp\/v2\/types\/page"}],"author":[{"embeddable":true,"href":"https:\/\/flicinski.net\/index.php\/wp-json\/wp\/v2\/users\/2"}],"replies":[{"embeddable":true,"href":"https:\/\/flicinski.net\/index.php\/wp-json\/wp\/v2\/comments?post=2462"}],"version-history":[{"count":5,"href":"https:\/\/flicinski.net\/index.php\/wp-json\/wp\/v2\/pages\/2462\/revisions"}],"predecessor-version":[{"id":4036,"href":"https:\/\/flicinski.net\/index.php\/wp-json\/wp\/v2\/pages\/2462\/revisions\/4036"}],"wp:attachment":[{"href":"https:\/\/flicinski.net\/index.php\/wp-json\/wp\/v2\/media?parent=2462"}],"curies":[{"name":"wp","href":"https:\/\/api.w.org\/{rel}","templated":true}]}}