{"id":20,"date":"2014-01-09T18:30:57","date_gmt":"2014-01-09T18:30:57","guid":{"rendered":"http:\/\/flicinski.net\/fli\/?page_id=20"},"modified":"2022-09-21T13:27:02","modified_gmt":"2022-09-21T13:27:02","slug":"cv","status":"publish","type":"page","link":"https:\/\/flicinski.net\/index.php\/cv\/","title":{"rendered":"Bio"},"content":{"rendered":"<h4>JAROS\u0141AW FLICI\u0143SKI<\/h4>\n<p><strong>selected solo exhibitions:<\/strong><\/p>\n<p><strong>2022<\/strong> <em>Nothing is Still<\/em>, Galeria Monopol, Warszawa<br \/>\n<strong>2019<\/strong> <em>Pure Pleasure<\/em>, Galeria Wsch\u00f3d, Warszawa<br \/>\n<strong>2017<\/strong> <em>North Isn&#8217;t South<\/em>, feat. William Fussell, The Academy of Fine Arts, Gdansk (PL)<br \/>\n<strong>2016<\/strong> <em>Casa Cosmos,Homemade Paintings<\/em>, Galeria Bielska BWA, Bielsko-Biala (PL)<br \/>\n<strong>2015<\/strong> <em>Casa Cosmos,Homemade Paintings, 2010-2015<\/em>, Galeria Miejska BWA, Tarnow (PL)<br \/>\n<em>Homemade Paintings, 2010-2015<\/em>,\u00a0Galeria Fernando Santos, Porto (P)<br \/>\n<strong>2014<\/strong> <em>Estrela Negra\/Black Star<\/em>,\u00a0Centro Internacional das Artes Jose de Guimaraes (CIAJG), Guimaraes (P)<br \/>\n<strong>2011<\/strong> <em>Nobody Knows That For Sure<\/em>, BWA Warszawa, Warszawa (PL)<br \/>\n<strong>2009<\/strong> <em>Close Enough<\/em>, Gallery LeGuern, Warszawa (PL)<br \/>\n<strong>2008<\/strong> <em>No Matter Where It Happens<\/em>, ZAK BRANICKA, Berlin (D)<br \/>\n<strong>2007<\/strong> <em>Doppio Anelito<\/em>, PIAC galleria, Ragusa (I)<br \/>\n<em>Playground<\/em>, CCNOA, Brussels (B)<br \/>\n<strong>2006<\/strong> <em>Paintings<\/em>, Galerie de Expeditie, Amsterdam (NL)<br \/>\n<em>Chapelle<\/em>, Ecole d&#8217;Arts Plastiques, Chatellerault (F)<br \/>\n<strong>2004<\/strong> <em>The Rest Is Up To You<\/em>, Villa Arson, Nice (F)<br \/>\n<em>The End of Summer<\/em>, Gallery LeGuern, Warszawa (PL)<br \/>\n<strong>2003<\/strong> <em>Everything Is All Right<\/em>, CCA Ujazdowski Castle, Warszawa (PL)<br \/>\n<em>Paintings<\/em>, Galerie Brigitte Weiss, Zurich (CH)<br \/>\n<strong>2002<\/strong> <em>Place Your Bets<\/em>, Chinati Foundation, Marfa (USA)<br \/>\n<em>Paintings<\/em>, Studio LoDo, Phoenix (USA)<br \/>\n<em>To Let You Shine<\/em>, Galerie de Expeditie, Amsterdam (NL)<br \/>\n<strong>2001<\/strong> <em>You Look Great! I Feel Great!<\/em>, Sfinks Club, Sopot (PL)<br \/>\n<strong>2000<\/strong> <em>Far Away<\/em>, Badischer Kunstverein, Karlsruhe (D)<br \/>\n<em>Far Away<\/em>, Foksal Gallery, Warszawa (PL)<br \/>\n<strong>1999<\/strong> <em>Go On<\/em>, Wschodnia Gallery, \u0141\u00f3d\u017a (PL)<br \/>\n<strong>1998<\/strong> <em>Too Much Is Not Enough<\/em>, State Gallery of Art, Sopot (PL)<br \/>\n<strong>1994<\/strong> <em>Jumps Into The Water &#8211; Year 1994 &#8211; <em>Whoever Exalts Himself Shall Be Humbled,\u00a0<em>and He Who Humbles Himself Shall Be Doomed<\/em><\/em><\/em><br \/>\nBaltic Sea Culture Center, Gdansk (PL)<\/p>\n<p><strong>selected group exhibitions:<\/strong><\/p>\n<p><strong>2019<\/strong> <em>The Beginning and The End<\/em>, Gda\u0144ska Galeria Miejska, Gda\u0144sk<br \/>\n<strong>2017<\/strong> <em>Przygody z op-artem<\/em>, Fundacja Stefana Gierowskiego, Warszawa<br \/>\n<strong>2017<\/strong> <em>Co z t\u0105 abstrakcj\u0105<\/em>, Fundacja Stefana Gierowskiego, Warszawa<br \/>\n<strong>2016<\/strong> <em>Quai<\/em>, Galleria Giovanni Bonelli, Milano (I)<br \/>\n<strong>2015<\/strong> <em>Earth<\/em>, Wroclaw Contemporary Museum, Wroclaw (PL)<br \/>\n<em>Mere Formality<\/em>, Galeria Labirynt, Lublin (PL)<br \/>\n<em>Nobody will Take Away Our Youth !, Music and Art of the 80\u201da that Create the Alternative Face of the Tricity<\/em><br \/>\nOpener Festival, Gdynia, Museum of the Contemporary Art, Warszawa (PL)<br \/>\n<em>Order out of Chaos<\/em>, Galeria LeGuern, Warszawa (PL)<br \/>\n<em>Isle 3.0. The Map and the Territory<\/em>, Wyspa, Institute of Art, Gda\u0144sk (PL)<br \/>\n<strong>2013<\/strong> <em>Open Composition, Neoplastic Room<\/em>, Muzeum Sztuki, \u0141\u00f3d\u017a (PL)<br \/>\n<strong>2013<\/strong> <em>Lonelyfingers,\u00a0<\/em><em>Conversation Pieces,\u00a0\u00a0<\/em>Museum Abteiberg, Monchengladbach (D)<br \/>\n<strong>2012<\/strong> <em>The Splendor of Textiles<\/em>, Zach\u0119ta National Gallery of Art,\u00a0Warszawa (PL)<br \/>\n<strong>2011<\/strong> <em>New Order<\/em>, Art Stations Foundation, Poznan (PL)<br \/>\n<strong>2011<\/strong> <em>Plundering the Ruins of Reality<\/em>, BWA Warszawa, Warszawa (PL)<br \/>\n<strong>2011<\/strong> <em>Eu Podia Fazer Isto<\/em>, IPA, Espa\u00e7o Atmosferas, Lisboa (P)<br \/>\n<strong>2009<\/strong> <em>Good Night, Sleep Tight<\/em>, Upload Art Project, Trento (I)<br \/>\n<strong>2009<\/strong> <em>Anabasis &#8211; Rituals of Homecoming<\/em>, Ludwik Grohman&#8217;s Villa,\u00a0\u0141\u00f3d\u017a (PL)<br \/>\n<strong>2009<\/strong> <em>Lost in Colours &#8211;<\/em><em>dialog 1,\u00a0<\/em> Gda\u0144ska Galeria Miejska, Gdansk (PL)<br \/>\n<strong>2008\u00a0<\/strong><em>Aktywne Studio<\/em>, Galeria Studio, Warszawa (PL)<br \/>\n<strong>2007<\/strong> <em>Artist In The Wonderland<\/em>, PNK, Gdynia (PL)<br \/>\n<em>Real Life<\/em>, Wola, Warszawa (PL)<br \/>\n<em>Don&#8217;t Stop At The Red Light <\/em>, Jesionowa Galeria, Gdansk (PL)<br \/>\n<em>From Poland?<\/em>, Kasia Kay Art Project Gallery, Chicago (USA)<br \/>\n<em>Manipulations. On Economies of Deceit<\/em>, CCA Ujazdowski Castle, Warszawa (PL)<br \/>\n<em>My Eyes Keep Me In Trouble<\/em>, Nieuwe Vide, Haarlem (NL)<br \/>\n<em>XVI. Rohkunstbau,\u00a0<\/em><em>Drei Farben &#8211; Weiss<\/em>, Schloss Sacrow, Sacrow-Potsdam (D)<br \/>\n<strong>2006<\/strong> <em>Polish Paintings of The XXI Century<\/em>, Zacheta National Gallery of Art, Warszawa (PL)<br \/>\n<em>Avant-gardes polonaises, dialogues depuis Malevitch<\/em>, Mus\u00e9e Matisse, Le Cateau (F)<br \/>\n<em>The Title As A Curator&#8217;s Art Piece<\/em>, Blow de la Barra, London (UK)<br \/>\n<em>The Ideal City &#8211; Invisible Cities<\/em>, Zamosc (PL), Potsdam (D)<br \/>\n<em>Accrochage<\/em>, de Expeditie, Amsterdam (NL)<br \/>\n<em>Poland, That&#8217;s Where?<\/em>, CCA Ujazdowski Castle, Warszawa (PL)<br \/>\n<strong>2005<\/strong> <em>A Guest + A Host = A Ghost<\/em>, Hedge House, Wijlre (NL)<br \/>\n<em>Absolwent<\/em>, Wyspa Institute of Art, Gdansk (PL)<br \/>\n<strong>2004<\/strong> <em>Tirol Transfer<\/em>, Austrian Cultural Forum, Warszawa (PL)<br \/>\n<em>Re:Location 6 \/ Re(framed)locations, dis(covered)desires<\/em>, CCA Laznia, Gdansk (PL)<br \/>\n<em>Avant-gardes polonaises hier et aujourd&#8217;hui<\/em>, Espace de l&#8217;Art Concret,\u00a0Mouans-Sartoux (F)<br \/>\n<em>Flipside<\/em>, Artists Space, New York (USA)<br \/>\n<strong>2002<\/strong> <em>The Forbidden City<\/em>, Kokerei Hansa, Dortmund (D)<br \/>\n<strong>2001<\/strong> <em>Hoehere wesen Befahlen: Anders Malen!<\/em>, Smart Project Space, Amsterdam (NL)<br \/>\n<em>In Between &#8211; Art From Poland 1945-2000<\/em>, Chicago Cultural Centre, Chicago (USA)<br \/>\n<em>Programm Giotto<\/em>, Palazzo Spinola, Genova (I)<br \/>\n<strong>2000<\/strong> <em>Scene 2000<\/em>, CCA Ujazdowski Castle, Warszawa (PL)<br \/>\n<em>The 11th Vilnius Paintings Triennial <\/em>, CCA Vilnius (LT)<br \/>\n<em>Between Aesthetics and Metaphysics<\/em>, BWA Bielsko-Biala (PL)<br \/>\n<strong>1999<\/strong> <em>What You See Is What You Get<\/em>, Medium Gallery, Bratislava (SK)<br \/>\n<em>The Creeping Revolution<\/em>, Foksal Gallery, Warszawa (PL)<\/p>\n<hr align=\"left\" width=\"450\" \/>\n<h3>Bibliography<\/h3>\n<p><strong>monographies and solo exhibition catalogues<\/strong><\/p>\n<p><em>Jaroslaw Flicinski<\/em><br \/>\n<em>Casa Cosmos, Homemade Paintings 2010-2015<\/em><br \/>\nBWA Tarn\u00f3w, Tarn\u00f3w<br \/>\ntexts: Nuno Faria, Jaros\u0142aw Flici\u0144ski, Ewa \u0141\u0105czy\u0144ska-Widz, Eglantina Monteiro, Sylwia Serafinowicz<br \/>\n251 pages, eng\/pl<\/p>\n<p><em>Jaroslaw Flicinski<\/em><br \/>\n<em>Estrela Negra-Paredes,pinturas,desenhos e objectos \/<br \/>\nBlack Star-Walls, Paintings, Drawings and Objects<\/em><br \/>\nCentro International das Artes Jose de Guimaraes, Guimaraes 2014<br \/>\ntext: Nuno Faria, Sebastian Cichocki<br \/>\n152 pages, pt\/eng<\/p>\n<p><em>Jaroslaw Flicinski<\/em><br \/>\nGalerie Zak-Branicka, Berlin 2008<br \/>\ntext: Monika Branicka<br \/>\n12 pages, eng<br \/>\n<a href=\"http:\/\/www.zak-branicka.com\" target=\"_blank\" rel=\"noopener\">www.zak-branicka.com <\/a><\/p>\n<p><em>Jaroslaw Flicinski &#8211; The End of Summer<\/em><br \/>\nLe Guern Gallery, Warsaw 2004<br \/>\ned. by Bozena Czubak<br \/>\ntext: Mark Gisbourne<br \/>\n48 pages, eng\/pl<br \/>\n<a href=\"http:\/\/www.leguern.pl\" target=\"_blank\" rel=\"noopener\">www.leguern.pl <\/a><\/p>\n<p><em>Jaroslaw Flicinski &#8211; Everything Is All Right<\/em><br \/>\nThe Center for Contemporary Art, Ujazdowski Castle, Warsaw 2004<br \/>\ned. by Stach Szablowski<br \/>\ntext: Stach Szablowski, Angelika Stepken, interview with Jaroslaw Flicinski: Mark Kremer<br \/>\n72 pages, eng\/pl<br \/>\n<a href=\"http:\/\/www.csw.art.pl\" target=\"_blank\" rel=\"noopener\">www.csw.art.pl <\/a><\/p>\n<p><em>Jaroslaw Flicinski &#8211; Far Away<\/em><br \/>\nBadischer Kunstverein, Karlsruhe 2000<br \/>\ned. by Angelika Stepken;<br \/>\ntext: Mark Kremer, Angelika Stepken, Adam Szymczyk<br \/>\n80 pages, de\/eng\/pl<br \/>\n<a href=\"http:\/\/www.badischer-kunstverein.de\" target=\"_blank\" rel=\"noopener\">www.badischer-kunstverein.de <\/a><\/p>\n<p><em>Jaroslaw Flicinski &#8211; Skoki do wody 1992-1994<\/em><br \/>\nGdansk 1995<br \/>\ntext: Jaroslaw Flicinski<br \/>\n12 pages, de\/eng\/pl<\/p>\n<p><strong>selected publications and group exhibition catalogues<\/strong><\/p>\n<p><em>Pankiewicz i po&#8230; Uwalnianie Koloru<\/em><\/p>\n<p>Muzeum Lubelskie, 2016<\/p>\n<p>ed. and texts by Anna Ha\u0142ata, Marcin Lachowski, Dorota Seweryn-Puchalska<\/p>\n<p>159 pages, pl<\/p>\n<p><em>Masterpieces of Polish Painting<\/em><\/p>\n<p>author: Maria Poprz\u0119cka<\/p>\n<p>Wydawnictwo Arkady, 2015<\/p>\n<p>308 pages pl\/eng<\/p>\n<p><em>Nowe zjawiska w sztuce polskiej po 2000<\/em><br \/>\nThe Center for Contemporary Art, Ujazdowski Castle, Warszawa, 2007<br \/>\ned. by G. Borkowski, M.Branicka, A.Mazur<br \/>\ntext: Zofia Machnicka<br \/>\n405 pages, pl<br \/>\n<a href=\"http:\/\/www.csw.art.pl\" target=\"_blank\" rel=\"noopener\">www.csw.art.pl <\/a><\/p>\n<p><em>Artist In Wonderland<\/em><br \/>\nBaltic Sea Culture Center, Gdansk 2007<br \/>\ned. by Agata Rogos<br \/>\ntext: Aleksandra Boskovic, Olga Kubinska, Jaros\u0142aw Trybus, Agata Rogos<br \/>\n255 pages, pl\/eng<br \/>\n<a href=\"http:\/\/www.wonderland.art.pl\" target=\"_blank\" rel=\"noopener\">www.wonderland.art.pl <\/a><\/p>\n<p><em> XIV Rohkunstbau, Three Colours &#8211; White<\/em><br \/>\nRohkunstbau Projekte, Berlin, 2007<br \/>\ned. by Arvid Boellert<br \/>\ntext: Mark Gisbourne<br \/>\n127 pages, de\/eng<br \/>\n<a href=\"http:\/\/www.rohkunstbau.de\" target=\"_blank\" rel=\"noopener\">www.rohkunstbau.de <\/a><\/p>\n<p><em>Avant-gardes polonaises, dialogue historique depuis Malevitch<\/em><br \/>\nMusee Matisse, Le Cateau &#8211; Cambresis, published by: Snoeck, Gand 2006<br \/>\ntext: Dominique Szymusiak, Serge Fauchereau, Zofia Machnicka<br \/>\n102 pages, fr<\/p>\n<p><em>Ideal City &#8211; Invisible Cities<\/em><br \/>\nEuropean Art Projects, Berlin 2006<br \/>\ned. by Sabrina van der Ley, Markus Richter<br \/>\n318 pages, eng\/de<br \/>\n<a href=\"http:\/\/www.european-art-projects.de\" target=\"_blank\" rel=\"noopener\">www.european-art-projects.de <\/a><\/p>\n<p><em>W Polsce czyli gdzie ?\/ In Poland, That Is Where ?<\/em><br \/>\nCCA Ujazdowski Castle, Warsaw 2006<br \/>\ntext: Andrzej Turowski, Ewa Mikina, Bozena Czubak<br \/>\n180 pages, eng\/pol<br \/>\n<a href=\"http:\/\/www.csw.art.pl\" target=\"_blank\" rel=\"noopener\">www.csw.art.pl <\/a><\/p>\n<p><em>Sztuka w Polsce 1945-2005\/ Art in Poland 1945-2005<\/em><br \/>\nauthor: Anda Rottenberg,<br \/>\npublished by: Sentor, Warsaw 2005<br \/>\n450 pages, pl<\/p>\n<p><em>A Guest + A Host = A Ghost<\/em><br \/>\nThe Hedge House, Wijlre 2005<br \/>\ntext: Mark Kremer<br \/>\n32 pages, eng<\/p>\n<p><em>Flipside<\/em><br \/>\nCEC ArtsLink, New York 2005<br \/>\ntext: Fritzie Brown, Kathrine Carl<br \/>\n<em>Avant-gardes polonaises hier et aujourd&#8217;hui<\/em><\/p>\n<p>Espace de l&#8217;Art Concret, donation Albers-Honegger, Mouans-Sartoux, 2004<br \/>\ntext: Dominique Boudou, Pawel Sosnowski, Mark Kremer<br \/>\n<em>Re: location 1-7 Shake <\/em><\/p>\n<p>Casino Luxembourg &#8211; Forum d&#8217;art contemporain, Luxembourg; Centrul International pentru Art\u00e1 Contemporan\u00e1 &amp; Muzeul National de Art\u00e1 Contemporan\u00e1, Bucharest &amp; Fundatia ArtStudio, Cluj; Laznia Bathhouse Centre of Contemporary Art, Gdansk; Gal\u00e9ria J\u00e1na Koniarka, Trnava; Halle f\u00fcr Kunst, L\u00fcneburg; migros museum f\u00fcr gegenwartskunst, Zurich; O. K. Centrum f\u00fcr Gegenwartskunst, Linz; Villa Arson-Centre National d&#8217;Art Contemporain, Nice, 2004<br \/>\ned. by Adam Budak<\/p>\n<p><em>Re: location 6: Ukryte pragnienia \/ Re(framed)locations, dis(covered)desires<\/em><br \/>\nLaznia, Bathhouse Centre of Contemporary Art, Gdansk 2004;<br \/>\ned. by Adam Budak<br \/>\ntext: Adam Budak<\/p>\n<p><em>Die Verbotene Stadt. Objekte. Installationen. Projektionen<\/em><br \/>\nKokerei Hansa, Dortmund 2002;<br \/>\ned. by Ingrid Raschke-Stuwe<br \/>\ntext: Claudia Heinrich<\/p>\n<p><em>H\u00f6here Wesen Befahlen: Anders Malen!<\/em><br \/>\nSmart Project Space Foundation, Amsterdam 2001;<br \/>\ned. by Thomas Peutz and Alice Smits<br \/>\ntext: Mark Kremer<\/p>\n<p><em>Tapybi\u0161ka, 11-oji Vilniaus tapybos trienal\u00e9 Painterly \/<br \/>\nThe 11th Vilnius Painting Triennial <\/em><br \/>\nContemporary Art Centre of Vilnius, Vilnius 2000;<br \/>\ned. by Anders Kreuger<br \/>\ntext: Anders Kreuger, Erika Grigoravi\u010dien?<\/p>\n<p><em>Between Aesthetics and Metaphysics <\/em><br \/>\nGaleria Bielska BWA, Bielsko-Biala 2000<br \/>\ned. by Bozena Czubak<br \/>\ntext: Bozena Czubak; interview with Jaroslaw Flicinski by Adam Szymczyk<\/p>\n<p><em>What You See Is What You Get. Projected: Poland<\/em><br \/>\nGal\u00e9ria Medium, Vysok\u00e1 \u015akola V\u00fdtvarn\u00fdch Umeni, Bratislava,<br \/>\nSlovensko\/ Gallery Medium, Academy of Fine Arts and Design,<br \/>\nBratislava, Slovakia; Soros Center for Contemporary Arts &#8211; Slovakia, 1999;<br \/>\ned. by Joanna Mytkowska, Jana Oravcov\u00e1<br \/>\ntext: Joanna Mytkowska<\/p>\n<p><em>Public Relations. Art from Gdansk<\/em><br \/>\nLaznia, Bathhouse Centre of Contemporary Art, Gdansk 1999<br \/>\ned. by Aneta Szylak<br \/>\ntext: Aneta Szylak<\/p>\n<p><em>At the Time of Writing<\/em><br \/>\nThe Center for Contemporary Art Ujazdowski Castle,Warsaw, 1998<br \/>\ned. by Nigel Warwick<br \/>\ntext: Nigel Warwick, Angelika Stepken<\/p>\n","protected":false},"excerpt":{"rendered":"<p>JAROS\u0141AW FLICI\u0143SKI selected solo exhibitions: 2022 Nothing is Still, Galeria Monopol, Warszawa 2019 Pure Pleasure, Galeria Wsch\u00f3d, Warszawa 2017 North Isn&#8217;t South, feat. William Fussell, The Academy of Fine Arts, Gdansk (PL) 2016 Casa Cosmos,Homemade Paintings, Galeria Bielska BWA, Bielsko-Biala (PL) 2015 Casa Cosmos,Homemade Paintings, 2010-2015, Galeria Miejska BWA, Tarnow (PL) Homemade Paintings, 2010-2015,\u00a0Galeria Fernando [&hellip;]<\/p>\n","protected":false},"author":1,"featured_media":0,"parent":0,"menu_order":22,"comment_status":"closed","ping_status":"closed","template":"","meta":{"_acf_changed":false,"footnotes":""},"class_list":["post-20","page","type-page","status-publish","hentry"],"acf":[],"_links":{"self":[{"href":"https:\/\/flicinski.net\/index.php\/wp-json\/wp\/v2\/pages\/20","targetHints":{"allow":["GET"]}}],"collection":[{"href":"https:\/\/flicinski.net\/index.php\/wp-json\/wp\/v2\/pages"}],"about":[{"href":"https:\/\/flicinski.net\/index.php\/wp-json\/wp\/v2\/types\/page"}],"author":[{"embeddable":true,"href":"https:\/\/flicinski.net\/index.php\/wp-json\/wp\/v2\/users\/1"}],"replies":[{"embeddable":true,"href":"https:\/\/flicinski.net\/index.php\/wp-json\/wp\/v2\/comments?post=20"}],"version-history":[{"count":37,"href":"https:\/\/flicinski.net\/index.php\/wp-json\/wp\/v2\/pages\/20\/revisions"}],"predecessor-version":[{"id":2623,"href":"https:\/\/flicinski.net\/index.php\/wp-json\/wp\/v2\/pages\/20\/revisions\/2623"}],"wp:attachment":[{"href":"https:\/\/flicinski.net\/index.php\/wp-json\/wp\/v2\/media?parent=20"}],"curies":[{"name":"wp","href":"https:\/\/api.w.org\/{rel}","templated":true}]}}